{"id":423,"date":"2022-06-15T17:14:34","date_gmt":"2022-06-15T15:14:34","guid":{"rendered":"https:\/\/psn.cs.put.poznan.pl\/psn\/?page_id=423"},"modified":"2022-06-15T17:18:14","modified_gmt":"2022-06-15T15:18:14","slug":"wroclaw-and-surroundings","status":"publish","type":"page","link":"https:\/\/psn.cs.put.poznan.pl\/psn\/wroclaw-and-surroundings\/","title":{"rendered":"Wroclaw and surroundings"},"content":{"rendered":"<div><strong>The Lower Silesia region<\/strong>, whose capital city is Wroc\u0142aw, where our conference will take place, has some incredibly interesting attractions &#8211; both natural and anthropogenic. The long and rich history of settlements, which stimulates the imagination of seekers of old traces of human activity, as well as the diversity of landscape (from mountains to plains), make every visitor finally understand why our motto is &#8220;Mysterious Lower Silesia&#8221;.<\/div>\n<div><\/div>\n<div>In order to make it as easy as possible for you to visit the most important attractions of our region, we present a short list in which (we hope) everyone will find something for themselves.<\/div>\n<ol>\n<li>\u00a0<a href=\"https:\/\/dolnyslask.travel\/must-see\/unesco\/?lang=en\">UNESCO sites<\/a><\/li>\n<li><a href=\"https:\/\/kpnmab.pl\/en\/lang\">Karkonosze National Park<\/a><\/li>\n<li><a href=\"https:\/\/www.pngs.com.pl\/index_gb.html\">Stolowe Mountains National Park<\/a><\/li>\n<li><a href=\"https:\/\/www.sleza.sobotka.pl\/slezanski-park-krajobrazowy\/\">The \u015al\u0119\u017ca\u0144ski Landscape Park located near Wroc\u0142aw with its towering nunatak &#8211; the \u015al\u0119\u017ca peak &#8211; and traces of settlement by Slavic tribes<\/a><\/li>\n<li><a href=\"http:\/\/www.barycz.pl\/index.php\">The Barycz Valley Landscape Park is the historical border between the Wielkopolska and Silesia regions. Over the centuries a very large complex of breeding ponds was created here, located in the area of natural floodplain of the Barycz River.<\/a><\/li>\n<li><a href=\"https:\/\/www.zabkowiceslaskie.pl\/en\/index.html\">Z\u0105bkowice \u015al\u0105skie &#8211; Anyone who would like to see where Frankenstein was born should definitely visit Z\u0105bkowice \u015al\u0105skie!<\/a><\/li>\n<li><a href=\"http:\/\/jaskinianiedzwiedzia.pl\/\">Bear Cave &#8211; The cave in Kletno (the \u015anie\u017cnik Massif) with amazing karst formations<\/a><\/li>\n<li><a href=\"https:\/\/www.ksiaz.walbrzych.pl\/en\/turystyka\">Castle Ksi\u0105\u017c &#8211; one of the biggest castles in Poland with a rich history and a beautiful landscape park<\/a><\/li>\n<li><a href=\"https:\/\/zamekczocha.com\/en\/#1\">Czocha Castle &#8211; located on the Le\u015bnia\u0144ski Lake, it surprises with its mysteries and ingenuity of the previous owners<\/a><\/li>\n<li><a href=\"https:\/\/visitwroclaw.eu\/en\/place\/ostrow-tumski\">Ostr\u00f3w Tumski<\/a><\/li>\n<li><a href=\"https:\/\/hydropolis.pl\/\">Hydropolis as the answer to all water-related questions<\/a><\/li>\n<li><a href=\"https:\/\/mnwr.pl\/en\/category\/branches\/panorama-of-the-battle-of-raclawice\/\">Panorama of the Battle of Rac\u0142awice<\/a><\/li>\n<\/ol>\n<div>\n<div>These are, of course, only a few of the attractions we think you should see. If you would like more information or are looking for something else, we would be happy to help.<\/div>\n<div><\/div>\n<div>If you have any questions, please contact the conference secretary: iwo.wieczorek@uwr.edu.pl<\/div>\n<div><\/div>\n<\/div>\n<div>\n<p><iframe loading=\"lazy\" title=\"DOLNY \u015aL\u0104SK JEST PI\u0118KNY! ZOBACZ GO Z DRONA!    [ 4K ]\" width=\"800\" height=\"450\" src=\"https:\/\/www.youtube.com\/embed\/EUjNjGqeg6s?feature=oembed\" frameborder=\"0\" allow=\"accelerometer; autoplay; clipboard-write; encrypted-media; gyroscope; picture-in-picture\" allowfullscreen><\/iframe><\/p>\n<\/div>\n","protected":false},"excerpt":{"rendered":"<p>The Lower Silesia region, whose capital city is Wroc\u0142aw, where our conference will take place, has some incredibly interesting attractions &#8211; both natural and anthropogenic. The long and rich history &#8230;<\/p>\n","protected":false},"author":2,"featured_media":0,"parent":0,"menu_order":0,"comment_status":"closed","ping_status":"closed","template":"","meta":[],"yoast_head":"<!-- This site is optimized with the Yoast SEO plugin v17.8 - https:\/\/yoast.com\/wordpress\/plugins\/seo\/ -->\n<title>Wroclaw and surroundings - Polish Scientific Network 2022<\/title>\n<meta name=\"robots\" content=\"index, follow, max-snippet:-1, max-image-preview:large, max-video-preview:-1\" \/>\n<link rel=\"canonical\" href=\"https:\/\/psn.cs.put.poznan.pl\/psn\/wroclaw-and-surroundings\/\" \/>\n<meta property=\"og:locale\" content=\"en_US\" \/>\n<meta property=\"og:type\" content=\"article\" \/>\n<meta property=\"og:title\" content=\"Wroclaw and surroundings - Polish Scientific Network 2022\" \/>\n<meta property=\"og:description\" content=\"The Lower Silesia region, whose capital city is Wroc\u0142aw, where our conference will take place, has some incredibly interesting attractions &#8211; both natural and anthropogenic. The long and rich history ...\" \/>\n<meta property=\"og:url\" content=\"https:\/\/psn.cs.put.poznan.pl\/psn\/wroclaw-and-surroundings\/\" \/>\n<meta property=\"og:site_name\" content=\"Polish Scientific Network 2022\" \/>\n<meta property=\"article:publisher\" content=\"https:\/\/www.facebook.com\/PolSciNet\/\" \/>\n<meta property=\"article:modified_time\" content=\"2022-06-15T15:18:14+00:00\" \/>\n<meta property=\"og:image\" content=\"https:\/\/psn.cs.put.poznan.pl\/psn\/wp-content\/uploads\/2021\/12\/psn_logo_512x512.png\" \/>\n\t<meta property=\"og:image:width\" content=\"512\" \/>\n\t<meta property=\"og:image:height\" content=\"512\" \/>\n<meta name=\"twitter:card\" content=\"summary_large_image\" \/>\n<meta name=\"twitter:label1\" content=\"Est. reading time\" \/>\n\t<meta name=\"twitter:data1\" content=\"2 minutes\" \/>\n<script type=\"application\/ld+json\" class=\"yoast-schema-graph\">{\"@context\":\"https:\/\/schema.org\",\"@graph\":[{\"@type\":\"Organization\",\"@id\":\"https:\/\/psn.cs.put.poznan.pl\/psn\/#organization\",\"name\":\"Polish Scientific Networks\",\"url\":\"https:\/\/psn.cs.put.poznan.pl\/psn\/\",\"sameAs\":[\"https:\/\/www.facebook.com\/PolSciNet\/\"],\"logo\":{\"@type\":\"ImageObject\",\"@id\":\"https:\/\/psn.cs.put.poznan.pl\/psn\/#logo\",\"inLanguage\":\"en-US\",\"url\":\"https:\/\/psn.cs.put.poznan.pl\/psn\/wp-content\/uploads\/2021\/12\/psn_logo_cropped_512x512.png\",\"contentUrl\":\"https:\/\/psn.cs.put.poznan.pl\/psn\/wp-content\/uploads\/2021\/12\/psn_logo_cropped_512x512.png\",\"width\":512,\"height\":512,\"caption\":\"Polish Scientific Networks\"},\"image\":{\"@id\":\"https:\/\/psn.cs.put.poznan.pl\/psn\/#logo\"}},{\"@type\":\"WebSite\",\"@id\":\"https:\/\/psn.cs.put.poznan.pl\/psn\/#website\",\"url\":\"https:\/\/psn.cs.put.poznan.pl\/psn\/\",\"name\":\"Polish Scientific Network 2022\",\"description\":\"5th PSN - Climate Change: Science &amp; Society; June 3-5, 2022, University of Wroclaw, Wroclaw, Poland\",\"publisher\":{\"@id\":\"https:\/\/psn.cs.put.poznan.pl\/psn\/#organization\"},\"potentialAction\":[{\"@type\":\"SearchAction\",\"target\":{\"@type\":\"EntryPoint\",\"urlTemplate\":\"https:\/\/psn.cs.put.poznan.pl\/psn\/?s={search_term_string}\"},\"query-input\":\"required name=search_term_string\"}],\"inLanguage\":\"en-US\"},{\"@type\":\"WebPage\",\"@id\":\"https:\/\/psn.cs.put.poznan.pl\/psn\/wroclaw-and-surroundings\/#webpage\",\"url\":\"https:\/\/psn.cs.put.poznan.pl\/psn\/wroclaw-and-surroundings\/\",\"name\":\"Wroclaw and surroundings - Polish Scientific Network 2022\",\"isPartOf\":{\"@id\":\"https:\/\/psn.cs.put.poznan.pl\/psn\/#website\"},\"datePublished\":\"2022-06-15T15:14:34+00:00\",\"dateModified\":\"2022-06-15T15:18:14+00:00\",\"breadcrumb\":{\"@id\":\"https:\/\/psn.cs.put.poznan.pl\/psn\/wroclaw-and-surroundings\/#breadcrumb\"},\"inLanguage\":\"en-US\",\"potentialAction\":[{\"@type\":\"ReadAction\",\"target\":[\"https:\/\/psn.cs.put.poznan.pl\/psn\/wroclaw-and-surroundings\/\"]}]},{\"@type\":\"BreadcrumbList\",\"@id\":\"https:\/\/psn.cs.put.poznan.pl\/psn\/wroclaw-and-surroundings\/#breadcrumb\",\"itemListElement\":[{\"@type\":\"ListItem\",\"position\":1,\"name\":\"Home\",\"item\":\"https:\/\/psn.cs.put.poznan.pl\/psn\/\"},{\"@type\":\"ListItem\",\"position\":2,\"name\":\"Wroclaw and surroundings\"}]}]}<\/script>\n<!-- \/ Yoast SEO plugin. -->","yoast_head_json":{"title":"Wroclaw and surroundings - Polish Scientific Network 2022","robots":{"index":"index","follow":"follow","max-snippet":"max-snippet:-1","max-image-preview":"max-image-preview:large","max-video-preview":"max-video-preview:-1"},"canonical":"https:\/\/psn.cs.put.poznan.pl\/psn\/wroclaw-and-surroundings\/","og_locale":"en_US","og_type":"article","og_title":"Wroclaw and surroundings - Polish Scientific Network 2022","og_description":"The Lower Silesia region, whose capital city is Wroc\u0142aw, where our conference will take place, has some incredibly interesting attractions &#8211; both natural and anthropogenic. The long and rich history ...","og_url":"https:\/\/psn.cs.put.poznan.pl\/psn\/wroclaw-and-surroundings\/","og_site_name":"Polish Scientific Network 2022","article_publisher":"https:\/\/www.facebook.com\/PolSciNet\/","article_modified_time":"2022-06-15T15:18:14+00:00","og_image":[{"width":512,"height":512,"url":"https:\/\/psn.cs.put.poznan.pl\/psn\/wp-content\/uploads\/2021\/12\/psn_logo_512x512.png","type":"image\/png"}],"twitter_card":"summary_large_image","twitter_misc":{"Est. reading time":"2 minutes"},"schema":{"@context":"https:\/\/schema.org","@graph":[{"@type":"Organization","@id":"https:\/\/psn.cs.put.poznan.pl\/psn\/#organization","name":"Polish Scientific Networks","url":"https:\/\/psn.cs.put.poznan.pl\/psn\/","sameAs":["https:\/\/www.facebook.com\/PolSciNet\/"],"logo":{"@type":"ImageObject","@id":"https:\/\/psn.cs.put.poznan.pl\/psn\/#logo","inLanguage":"en-US","url":"https:\/\/psn.cs.put.poznan.pl\/psn\/wp-content\/uploads\/2021\/12\/psn_logo_cropped_512x512.png","contentUrl":"https:\/\/psn.cs.put.poznan.pl\/psn\/wp-content\/uploads\/2021\/12\/psn_logo_cropped_512x512.png","width":512,"height":512,"caption":"Polish Scientific Networks"},"image":{"@id":"https:\/\/psn.cs.put.poznan.pl\/psn\/#logo"}},{"@type":"WebSite","@id":"https:\/\/psn.cs.put.poznan.pl\/psn\/#website","url":"https:\/\/psn.cs.put.poznan.pl\/psn\/","name":"Polish Scientific Network 2022","description":"5th PSN - Climate Change: Science &amp; Society; June 3-5, 2022, University of Wroclaw, Wroclaw, Poland","publisher":{"@id":"https:\/\/psn.cs.put.poznan.pl\/psn\/#organization"},"potentialAction":[{"@type":"SearchAction","target":{"@type":"EntryPoint","urlTemplate":"https:\/\/psn.cs.put.poznan.pl\/psn\/?s={search_term_string}"},"query-input":"required name=search_term_string"}],"inLanguage":"en-US"},{"@type":"WebPage","@id":"https:\/\/psn.cs.put.poznan.pl\/psn\/wroclaw-and-surroundings\/#webpage","url":"https:\/\/psn.cs.put.poznan.pl\/psn\/wroclaw-and-surroundings\/","name":"Wroclaw and surroundings - Polish Scientific Network 2022","isPartOf":{"@id":"https:\/\/psn.cs.put.poznan.pl\/psn\/#website"},"datePublished":"2022-06-15T15:14:34+00:00","dateModified":"2022-06-15T15:18:14+00:00","breadcrumb":{"@id":"https:\/\/psn.cs.put.poznan.pl\/psn\/wroclaw-and-surroundings\/#breadcrumb"},"inLanguage":"en-US","potentialAction":[{"@type":"ReadAction","target":["https:\/\/psn.cs.put.poznan.pl\/psn\/wroclaw-and-surroundings\/"]}]},{"@type":"BreadcrumbList","@id":"https:\/\/psn.cs.put.poznan.pl\/psn\/wroclaw-and-surroundings\/#breadcrumb","itemListElement":[{"@type":"ListItem","position":1,"name":"Home","item":"https:\/\/psn.cs.put.poznan.pl\/psn\/"},{"@type":"ListItem","position":2,"name":"Wroclaw and surroundings"}]}]}},"_links":{"self":[{"href":"https:\/\/psn.cs.put.poznan.pl\/psn\/wp-json\/wp\/v2\/pages\/423"}],"collection":[{"href":"https:\/\/psn.cs.put.poznan.pl\/psn\/wp-json\/wp\/v2\/pages"}],"about":[{"href":"https:\/\/psn.cs.put.poznan.pl\/psn\/wp-json\/wp\/v2\/types\/page"}],"author":[{"embeddable":true,"href":"https:\/\/psn.cs.put.poznan.pl\/psn\/wp-json\/wp\/v2\/users\/2"}],"replies":[{"embeddable":true,"href":"https:\/\/psn.cs.put.poznan.pl\/psn\/wp-json\/wp\/v2\/comments?post=423"}],"version-history":[{"count":2,"href":"https:\/\/psn.cs.put.poznan.pl\/psn\/wp-json\/wp\/v2\/pages\/423\/revisions"}],"predecessor-version":[{"id":429,"href":"https:\/\/psn.cs.put.poznan.pl\/psn\/wp-json\/wp\/v2\/pages\/423\/revisions\/429"}],"wp:attachment":[{"href":"https:\/\/psn.cs.put.poznan.pl\/psn\/wp-json\/wp\/v2\/media?parent=423"}],"curies":[{"name":"wp","href":"https:\/\/api.w.org\/{rel}","templated":true}]}}