{"id":410,"date":"2022-05-31T10:47:38","date_gmt":"2022-05-31T08:47:38","guid":{"rendered":"https:\/\/psn.cs.put.poznan.pl\/psn\/?page_id=410"},"modified":"2022-07-07T12:13:11","modified_gmt":"2022-07-07T10:13:11","slug":"keynote-speakers","status":"publish","type":"page","link":"https:\/\/psn.cs.put.poznan.pl\/psn\/keynote-speakers\/","title":{"rendered":"KEYNOTE SPEAKERS"},"content":{"rendered":"<p>Session I: <strong>Prof. Marc Oliva<\/strong>, Department of Geography, Barcelona, Spain.<\/p>\n<p>Talk title: <em>Glacial oscillations in the Antarctic Peninsula region since the Last Glacial Maximum<\/em><\/p>\n<p>&nbsp;<\/p>\n<p>Session II: <strong>Francesco Battaglioli<\/strong>, European Sever Storms Laboratory, Berlin, Germany.<\/p>\n<p>Talk title:\u00a0<em>Severe Convective Storms and Climate Change: past, present and future<\/em><\/p>\n<p>&nbsp;<\/p>\n<p>Session III: <strong>Dr Arthur Lutz, <\/strong>Faculty of Geosciences, Utrecht University, Netherlands.<\/p>\n<p>Talk title: <em>&#8220;Future climate change impacts for high mountain water resources and downstream consequences&#8221;<\/em><\/p>\n<p>&nbsp;<\/p>\n<p>Session IV:\u00a0<strong>Prof. Jackie M. Grebmeier<\/strong>, Chesapeake Biological Laboratory, University of Maryland<\/p>\n<p>Talk title: &#8220;<em>Ecosystem Dynamics in the Pacific Arctic: Key Drivers of Biological Change&#8221;<\/em><\/p>\n<p><strong>Dr Marc Silberberger, <\/strong>Institute of Oceanology PAS, Poland<\/p>\n<p>Talk title: <em>&#8220;Increasing importance of meroplankton to the functioning of high latitude marine ecosystems \u2013 future climate change scenario&#8221;<\/em><\/p>\n<p>&nbsp;<\/p>\n<p>&nbsp;<\/p>\n<p>Session V:\u00a0 <strong>Prof. Michal Bogdziewicz<\/strong>, Faculty of Biology, Adam Mickiewicz University, Poznan, Poland;\u00a0 Laboratoire EcoSyst\u00e8mes et Soci\u00e9t\u00e9s En Montagne, INRAE,\u00a0Univ Grenoble Alpes, France.<\/p>\n<p>Talk title: <em>&#8221; Silent extinction? Climate change and tree reproduction&#8221;<\/em><\/p>\n<p>&nbsp;<\/p>\n<p>Session VI:\u00a0<strong>Dr Massimo Vieno,\u00a0<\/strong>The UK Centre for Ecology &amp; Hydrology\u00a0Edinburgh, UK.<\/p>\n<p>Talk title:\u00a0<em>&#8220;Changes of PM2.5 concentration in the last two decades across the UK and Europe and the potential impact of a warmer climate&#8221;<\/em><\/p>\n<p>&nbsp;<\/p>\n<p>Session VII &#8211;\u00a0<strong>Dr Milena Buchs,\u00a0<\/strong>School of Earth and Environment,\u00a0University of Leeds, UK. Talk title: <em>&#8220;The importance of fairness for the zero carbon transition&#8221;<\/em><\/p>\n<p>&nbsp;<\/p>\n<p>Session VIII &#8211;\u00a0<strong>Prof. Dr. Ilona Otto<\/strong>, Wegener Center for Climate and Global Change, University of Graz, Austria.<\/p>\n<p>Talk title:\u00a0<em>&#8220;Cascading climate change impact and rapid decarbonization pathways&#8221;<\/em><\/p>\n<p>&nbsp;<\/p>\n<p>Session IX &#8211;\u00a0<strong>Dr. Maria Ojala,\u00a0\u00a0<\/strong>School of Law, Psychology \u00a0&amp; Social Work, \u00d6rebro University, Sweden.<\/p>\n<p>Talk title: &#8220;<em>Hope in the face of climate change: Wishful thinking or a precondition for sustainability transformation?&#8221;<\/em><\/p>\n<p>&nbsp;<\/p>\n<p>Session X &#8211; <strong>Dr. Olaf Kahl, <\/strong>Free University of Berlin, Germany.<\/p>\n<p>Talk title: <em>&#8220;How does climate change affect important vector tick species in Central Europe?\u201d<\/em><\/p>\n","protected":false},"excerpt":{"rendered":"<p>Session I: Prof. Marc Oliva, Department of Geography, Barcelona, Spain. Talk title: Glacial oscillations in the Antarctic Peninsula region since the Last Glacial Maximum &nbsp; Session II: Francesco Battaglioli, European &#8230;<\/p>\n","protected":false},"author":2,"featured_media":0,"parent":0,"menu_order":0,"comment_status":"closed","ping_status":"closed","template":"","meta":[],"yoast_head":"<!-- This site is optimized with the Yoast SEO plugin v17.8 - https:\/\/yoast.com\/wordpress\/plugins\/seo\/ -->\n<title>KEYNOTE SPEAKERS - Polish Scientific Network 2022<\/title>\n<meta name=\"robots\" content=\"index, follow, max-snippet:-1, max-image-preview:large, max-video-preview:-1\" \/>\n<link rel=\"canonical\" href=\"https:\/\/psn.cs.put.poznan.pl\/psn\/keynote-speakers\/\" \/>\n<meta property=\"og:locale\" content=\"en_US\" \/>\n<meta property=\"og:type\" content=\"article\" \/>\n<meta property=\"og:title\" content=\"KEYNOTE SPEAKERS - Polish Scientific Network 2022\" \/>\n<meta property=\"og:description\" content=\"Session I: Prof. Marc Oliva, Department of Geography, Barcelona, Spain. Talk title: Glacial oscillations in the Antarctic Peninsula region since the Last Glacial Maximum &nbsp; Session II: Francesco Battaglioli, European ...\" \/>\n<meta property=\"og:url\" content=\"https:\/\/psn.cs.put.poznan.pl\/psn\/keynote-speakers\/\" \/>\n<meta property=\"og:site_name\" content=\"Polish Scientific Network 2022\" \/>\n<meta property=\"article:publisher\" content=\"https:\/\/www.facebook.com\/PolSciNet\/\" \/>\n<meta property=\"article:modified_time\" content=\"2022-07-07T10:13:11+00:00\" \/>\n<meta property=\"og:image\" content=\"https:\/\/psn.cs.put.poznan.pl\/psn\/wp-content\/uploads\/2021\/12\/psn_logo_512x512.png\" \/>\n\t<meta property=\"og:image:width\" content=\"512\" \/>\n\t<meta property=\"og:image:height\" content=\"512\" \/>\n<meta name=\"twitter:card\" content=\"summary_large_image\" \/>\n<meta name=\"twitter:label1\" content=\"Est. reading time\" \/>\n\t<meta name=\"twitter:data1\" content=\"2 minutes\" \/>\n<script type=\"application\/ld+json\" class=\"yoast-schema-graph\">{\"@context\":\"https:\/\/schema.org\",\"@graph\":[{\"@type\":\"Organization\",\"@id\":\"https:\/\/psn.cs.put.poznan.pl\/psn\/#organization\",\"name\":\"Polish Scientific Networks\",\"url\":\"https:\/\/psn.cs.put.poznan.pl\/psn\/\",\"sameAs\":[\"https:\/\/www.facebook.com\/PolSciNet\/\"],\"logo\":{\"@type\":\"ImageObject\",\"@id\":\"https:\/\/psn.cs.put.poznan.pl\/psn\/#logo\",\"inLanguage\":\"en-US\",\"url\":\"https:\/\/psn.cs.put.poznan.pl\/psn\/wp-content\/uploads\/2021\/12\/psn_logo_cropped_512x512.png\",\"contentUrl\":\"https:\/\/psn.cs.put.poznan.pl\/psn\/wp-content\/uploads\/2021\/12\/psn_logo_cropped_512x512.png\",\"width\":512,\"height\":512,\"caption\":\"Polish Scientific Networks\"},\"image\":{\"@id\":\"https:\/\/psn.cs.put.poznan.pl\/psn\/#logo\"}},{\"@type\":\"WebSite\",\"@id\":\"https:\/\/psn.cs.put.poznan.pl\/psn\/#website\",\"url\":\"https:\/\/psn.cs.put.poznan.pl\/psn\/\",\"name\":\"Polish Scientific Network 2022\",\"description\":\"5th PSN - Climate Change: Science &amp; Society; June 3-5, 2022, University of Wroclaw, Wroclaw, Poland\",\"publisher\":{\"@id\":\"https:\/\/psn.cs.put.poznan.pl\/psn\/#organization\"},\"potentialAction\":[{\"@type\":\"SearchAction\",\"target\":{\"@type\":\"EntryPoint\",\"urlTemplate\":\"https:\/\/psn.cs.put.poznan.pl\/psn\/?s={search_term_string}\"},\"query-input\":\"required name=search_term_string\"}],\"inLanguage\":\"en-US\"},{\"@type\":\"WebPage\",\"@id\":\"https:\/\/psn.cs.put.poznan.pl\/psn\/keynote-speakers\/#webpage\",\"url\":\"https:\/\/psn.cs.put.poznan.pl\/psn\/keynote-speakers\/\",\"name\":\"KEYNOTE SPEAKERS - Polish Scientific Network 2022\",\"isPartOf\":{\"@id\":\"https:\/\/psn.cs.put.poznan.pl\/psn\/#website\"},\"datePublished\":\"2022-05-31T08:47:38+00:00\",\"dateModified\":\"2022-07-07T10:13:11+00:00\",\"breadcrumb\":{\"@id\":\"https:\/\/psn.cs.put.poznan.pl\/psn\/keynote-speakers\/#breadcrumb\"},\"inLanguage\":\"en-US\",\"potentialAction\":[{\"@type\":\"ReadAction\",\"target\":[\"https:\/\/psn.cs.put.poznan.pl\/psn\/keynote-speakers\/\"]}]},{\"@type\":\"BreadcrumbList\",\"@id\":\"https:\/\/psn.cs.put.poznan.pl\/psn\/keynote-speakers\/#breadcrumb\",\"itemListElement\":[{\"@type\":\"ListItem\",\"position\":1,\"name\":\"Home\",\"item\":\"https:\/\/psn.cs.put.poznan.pl\/psn\/\"},{\"@type\":\"ListItem\",\"position\":2,\"name\":\"KEYNOTE SPEAKERS\"}]}]}<\/script>\n<!-- \/ Yoast SEO plugin. -->","yoast_head_json":{"title":"KEYNOTE SPEAKERS - Polish Scientific Network 2022","robots":{"index":"index","follow":"follow","max-snippet":"max-snippet:-1","max-image-preview":"max-image-preview:large","max-video-preview":"max-video-preview:-1"},"canonical":"https:\/\/psn.cs.put.poznan.pl\/psn\/keynote-speakers\/","og_locale":"en_US","og_type":"article","og_title":"KEYNOTE SPEAKERS - Polish Scientific Network 2022","og_description":"Session I: Prof. Marc Oliva, Department of Geography, Barcelona, Spain. Talk title: Glacial oscillations in the Antarctic Peninsula region since the Last Glacial Maximum &nbsp; Session II: Francesco Battaglioli, European ...","og_url":"https:\/\/psn.cs.put.poznan.pl\/psn\/keynote-speakers\/","og_site_name":"Polish Scientific Network 2022","article_publisher":"https:\/\/www.facebook.com\/PolSciNet\/","article_modified_time":"2022-07-07T10:13:11+00:00","og_image":[{"width":512,"height":512,"url":"https:\/\/psn.cs.put.poznan.pl\/psn\/wp-content\/uploads\/2021\/12\/psn_logo_512x512.png","type":"image\/png"}],"twitter_card":"summary_large_image","twitter_misc":{"Est. reading time":"2 minutes"},"schema":{"@context":"https:\/\/schema.org","@graph":[{"@type":"Organization","@id":"https:\/\/psn.cs.put.poznan.pl\/psn\/#organization","name":"Polish Scientific Networks","url":"https:\/\/psn.cs.put.poznan.pl\/psn\/","sameAs":["https:\/\/www.facebook.com\/PolSciNet\/"],"logo":{"@type":"ImageObject","@id":"https:\/\/psn.cs.put.poznan.pl\/psn\/#logo","inLanguage":"en-US","url":"https:\/\/psn.cs.put.poznan.pl\/psn\/wp-content\/uploads\/2021\/12\/psn_logo_cropped_512x512.png","contentUrl":"https:\/\/psn.cs.put.poznan.pl\/psn\/wp-content\/uploads\/2021\/12\/psn_logo_cropped_512x512.png","width":512,"height":512,"caption":"Polish Scientific Networks"},"image":{"@id":"https:\/\/psn.cs.put.poznan.pl\/psn\/#logo"}},{"@type":"WebSite","@id":"https:\/\/psn.cs.put.poznan.pl\/psn\/#website","url":"https:\/\/psn.cs.put.poznan.pl\/psn\/","name":"Polish Scientific Network 2022","description":"5th PSN - Climate Change: Science &amp; Society; June 3-5, 2022, University of Wroclaw, Wroclaw, Poland","publisher":{"@id":"https:\/\/psn.cs.put.poznan.pl\/psn\/#organization"},"potentialAction":[{"@type":"SearchAction","target":{"@type":"EntryPoint","urlTemplate":"https:\/\/psn.cs.put.poznan.pl\/psn\/?s={search_term_string}"},"query-input":"required name=search_term_string"}],"inLanguage":"en-US"},{"@type":"WebPage","@id":"https:\/\/psn.cs.put.poznan.pl\/psn\/keynote-speakers\/#webpage","url":"https:\/\/psn.cs.put.poznan.pl\/psn\/keynote-speakers\/","name":"KEYNOTE SPEAKERS - Polish Scientific Network 2022","isPartOf":{"@id":"https:\/\/psn.cs.put.poznan.pl\/psn\/#website"},"datePublished":"2022-05-31T08:47:38+00:00","dateModified":"2022-07-07T10:13:11+00:00","breadcrumb":{"@id":"https:\/\/psn.cs.put.poznan.pl\/psn\/keynote-speakers\/#breadcrumb"},"inLanguage":"en-US","potentialAction":[{"@type":"ReadAction","target":["https:\/\/psn.cs.put.poznan.pl\/psn\/keynote-speakers\/"]}]},{"@type":"BreadcrumbList","@id":"https:\/\/psn.cs.put.poznan.pl\/psn\/keynote-speakers\/#breadcrumb","itemListElement":[{"@type":"ListItem","position":1,"name":"Home","item":"https:\/\/psn.cs.put.poznan.pl\/psn\/"},{"@type":"ListItem","position":2,"name":"KEYNOTE SPEAKERS"}]}]}},"_links":{"self":[{"href":"https:\/\/psn.cs.put.poznan.pl\/psn\/wp-json\/wp\/v2\/pages\/410"}],"collection":[{"href":"https:\/\/psn.cs.put.poznan.pl\/psn\/wp-json\/wp\/v2\/pages"}],"about":[{"href":"https:\/\/psn.cs.put.poznan.pl\/psn\/wp-json\/wp\/v2\/types\/page"}],"author":[{"embeddable":true,"href":"https:\/\/psn.cs.put.poznan.pl\/psn\/wp-json\/wp\/v2\/users\/2"}],"replies":[{"embeddable":true,"href":"https:\/\/psn.cs.put.poznan.pl\/psn\/wp-json\/wp\/v2\/comments?post=410"}],"version-history":[{"count":5,"href":"https:\/\/psn.cs.put.poznan.pl\/psn\/wp-json\/wp\/v2\/pages\/410\/revisions"}],"predecessor-version":[{"id":454,"href":"https:\/\/psn.cs.put.poznan.pl\/psn\/wp-json\/wp\/v2\/pages\/410\/revisions\/454"}],"wp:attachment":[{"href":"https:\/\/psn.cs.put.poznan.pl\/psn\/wp-json\/wp\/v2\/media?parent=410"}],"curies":[{"name":"wp","href":"https:\/\/api.w.org\/{rel}","templated":true}]}}