{"id":146,"date":"2022-01-10T20:41:29","date_gmt":"2022-01-10T19:41:29","guid":{"rendered":"https:\/\/psn.cs.put.poznan.pl\/psn\/?page_id=146"},"modified":"2022-01-10T20:41:29","modified_gmt":"2022-01-10T19:41:29","slug":"psn-2015","status":"publish","type":"page","link":"https:\/\/psn.cs.put.poznan.pl\/psn\/psn-2015\/","title":{"rendered":"PSN 2015"},"content":{"rendered":"<p><strong>Warszawa, 18-20 czerwca 2015 r.<\/strong><\/p>\n<p>Konferencja Polish Scientific Networks zosta\u0142a zorganizowana przez Akademi\u0119 M\u0142odych Uczonych, Klub Stypendyst\u00f3w Fundacji na rzecz Nauki Polskiej oraz Ministerstwo Nauki i Szkolnictwa Wy\u017cszego.<\/p>\n<p>\u2013 Chcieliby\u015bmy, by trend zwany \u201edrena\u017cem m\u00f3zg\u00f3w\u201d (brain drain) zmieni\u0142 si\u0119 w \u201ecyrkulacj\u0119 m\u00f3zg\u00f3w\u201d (brain circulation) \u2013 m\u00f3wi\u0142 zapowiadaj\u0105c konferencj\u0119 Polish Scientific Networks prof. Janusz Bujnicki, ambasador nauki i jeden z jej inicjator\u00f3w. \u2013 Polska oferuje m\u0142odym naukowcom wiele mo\u017cliwo\u015bci niedost\u0119pnych dzi\u015b w innych krajach. Najwi\u0119cej mog\u0105 osi\u0105gn\u0105\u0107 naukowcy mobilni, z mi\u0119dzynarodowym dorobkiem i potrafi\u0105cy przeku\u0107 dobre pomys\u0142y na przebojowe wnioski grantowe. Dzi\u0119ki konferencji Polish Scientific Networks zamierzamy u\u0142atwi\u0107 wsp\u00f3\u0142prac\u0119 i nawi\u0105zywanie kontakt\u00f3w.<\/p>\n<p>W konferencji udzia\u0142 wzi\u0119li Polacy studiuj\u0105cy i pracuj\u0105cy na presti\u017cowych uczelniach i instytutach badawczych na ca\u0142ym \u015bwiecie, m.in. na University of Cambridge, Imperial College London, Fritz-Haber-Institut der Max-Planck-Gesellschaft czy University of California. O swoich badaniach opowiadali tak\u017ce m\u0142odzi pracownicy naukowi z o\u015brodk\u00f3w w ca\u0142ej Polsce. Wyk\u0142adom i panelom dyskusyjnym towarzyszy\u0142a sesja plakatowa.<\/p>\n<p><strong>G\u0142\u00f3wne wydarzenia Polish Scientific Networks 2015:<\/strong><\/p>\n<ul>\n<li>Wyk\u0142ad otwieraj\u0105cy \u201eFirma XXI wieku a zarz\u0105dzanie nauk\u0105\u201d &#8211; prof. Andrzej Blikle<\/li>\n<li>Koncert<\/li>\n<li>Otwarcie konferencji i panel dyskusyjny \u201eJak spo\u017cytkowa\u0107 w kraju potencja\u0142 polskich naukowc\u00f3w pracuj\u0105cych za granic\u0105?\u201d<\/li>\n<li>SESJA NAUKOWA I: Nauki spo\u0142eczne i humanistyczne<\/li>\n<li>SESJA NAUKOWA II: Nauka i biznes<\/li>\n<li>Panel dyskusyjny \u201eJak wzmocni\u0107 relacje nauki i przemys\u0142u w Polsce?\u201d<\/li>\n<li>SESJA NAUKOWA III: Nauki o \u017cyciu<\/li>\n<li>Panel dyskusyjny \u201eMobilno\u015b\u0107 jako element kariery naukowej\u201d<\/li>\n<li>SESJA NAUKOWA IV: Nauki \u015bcis\u0142e<\/li>\n<li>Panel dyskusyjny \u201eJaki powinien by\u0107 model akademickiej kariery wobec nowych funkcji uniwersytetu &#8211; nauczyciel, badacz, popularyzator, manager\u201d<\/li>\n<li>Panel dyskusyjny \u201eFinansowanie bada\u0144: system grantowy kontra stabilne finansowanie d\u0142ugoterminowe\u201d<\/li>\n<li>Podsumowanie konferencji<\/li>\n<\/ul>\n","protected":false},"excerpt":{"rendered":"<p>Warszawa, 18-20 czerwca 2015 r. Konferencja Polish Scientific Networks zosta\u0142a zorganizowana przez Akademi\u0119 M\u0142odych Uczonych, Klub Stypendyst\u00f3w Fundacji na rzecz Nauki Polskiej oraz Ministerstwo Nauki i Szkolnictwa Wy\u017cszego. \u2013 Chcieliby\u015bmy, &#8230;<\/p>\n","protected":false},"author":1,"featured_media":0,"parent":0,"menu_order":0,"comment_status":"closed","ping_status":"closed","template":"","meta":[],"yoast_head":"<!-- This site is optimized with the Yoast SEO plugin v17.8 - https:\/\/yoast.com\/wordpress\/plugins\/seo\/ -->\n<title>PSN 2015 - Polish Scientific Network 2022<\/title>\n<meta name=\"robots\" content=\"index, follow, max-snippet:-1, max-image-preview:large, max-video-preview:-1\" \/>\n<link rel=\"canonical\" href=\"https:\/\/psn.cs.put.poznan.pl\/psn\/psn-2015\/\" \/>\n<meta property=\"og:locale\" content=\"en_US\" \/>\n<meta property=\"og:type\" content=\"article\" \/>\n<meta property=\"og:title\" content=\"PSN 2015 - Polish Scientific Network 2022\" \/>\n<meta property=\"og:description\" content=\"Warszawa, 18-20 czerwca 2015 r. Konferencja Polish Scientific Networks zosta\u0142a zorganizowana przez Akademi\u0119 M\u0142odych Uczonych, Klub Stypendyst\u00f3w Fundacji na rzecz Nauki Polskiej oraz Ministerstwo Nauki i Szkolnictwa Wy\u017cszego. \u2013 Chcieliby\u015bmy, ...\" \/>\n<meta property=\"og:url\" content=\"https:\/\/psn.cs.put.poznan.pl\/psn\/psn-2015\/\" \/>\n<meta property=\"og:site_name\" content=\"Polish Scientific Network 2022\" \/>\n<meta property=\"article:publisher\" content=\"https:\/\/www.facebook.com\/PolSciNet\/\" \/>\n<meta property=\"og:image\" content=\"https:\/\/psn.cs.put.poznan.pl\/psn\/wp-content\/uploads\/2021\/12\/psn_logo_512x512.png\" \/>\n\t<meta property=\"og:image:width\" content=\"512\" \/>\n\t<meta property=\"og:image:height\" content=\"512\" \/>\n<meta name=\"twitter:card\" content=\"summary_large_image\" \/>\n<meta name=\"twitter:label1\" content=\"Est. reading time\" \/>\n\t<meta name=\"twitter:data1\" content=\"2 minutes\" \/>\n<script type=\"application\/ld+json\" class=\"yoast-schema-graph\">{\"@context\":\"https:\/\/schema.org\",\"@graph\":[{\"@type\":\"Organization\",\"@id\":\"https:\/\/psn.cs.put.poznan.pl\/psn\/#organization\",\"name\":\"Polish Scientific Networks\",\"url\":\"https:\/\/psn.cs.put.poznan.pl\/psn\/\",\"sameAs\":[\"https:\/\/www.facebook.com\/PolSciNet\/\"],\"logo\":{\"@type\":\"ImageObject\",\"@id\":\"https:\/\/psn.cs.put.poznan.pl\/psn\/#logo\",\"inLanguage\":\"en-US\",\"url\":\"https:\/\/psn.cs.put.poznan.pl\/psn\/wp-content\/uploads\/2021\/12\/psn_logo_cropped_512x512.png\",\"contentUrl\":\"https:\/\/psn.cs.put.poznan.pl\/psn\/wp-content\/uploads\/2021\/12\/psn_logo_cropped_512x512.png\",\"width\":512,\"height\":512,\"caption\":\"Polish Scientific Networks\"},\"image\":{\"@id\":\"https:\/\/psn.cs.put.poznan.pl\/psn\/#logo\"}},{\"@type\":\"WebSite\",\"@id\":\"https:\/\/psn.cs.put.poznan.pl\/psn\/#website\",\"url\":\"https:\/\/psn.cs.put.poznan.pl\/psn\/\",\"name\":\"Polish Scientific Network 2022\",\"description\":\"5th PSN - Climate Change: Science &amp; Society; June 3-5, 2022, University of Wroclaw, Wroclaw, Poland\",\"publisher\":{\"@id\":\"https:\/\/psn.cs.put.poznan.pl\/psn\/#organization\"},\"potentialAction\":[{\"@type\":\"SearchAction\",\"target\":{\"@type\":\"EntryPoint\",\"urlTemplate\":\"https:\/\/psn.cs.put.poznan.pl\/psn\/?s={search_term_string}\"},\"query-input\":\"required name=search_term_string\"}],\"inLanguage\":\"en-US\"},{\"@type\":\"WebPage\",\"@id\":\"https:\/\/psn.cs.put.poznan.pl\/psn\/psn-2015\/#webpage\",\"url\":\"https:\/\/psn.cs.put.poznan.pl\/psn\/psn-2015\/\",\"name\":\"PSN 2015 - Polish Scientific Network 2022\",\"isPartOf\":{\"@id\":\"https:\/\/psn.cs.put.poznan.pl\/psn\/#website\"},\"datePublished\":\"2022-01-10T19:41:29+00:00\",\"dateModified\":\"2022-01-10T19:41:29+00:00\",\"breadcrumb\":{\"@id\":\"https:\/\/psn.cs.put.poznan.pl\/psn\/psn-2015\/#breadcrumb\"},\"inLanguage\":\"en-US\",\"potentialAction\":[{\"@type\":\"ReadAction\",\"target\":[\"https:\/\/psn.cs.put.poznan.pl\/psn\/psn-2015\/\"]}]},{\"@type\":\"BreadcrumbList\",\"@id\":\"https:\/\/psn.cs.put.poznan.pl\/psn\/psn-2015\/#breadcrumb\",\"itemListElement\":[{\"@type\":\"ListItem\",\"position\":1,\"name\":\"Home\",\"item\":\"https:\/\/psn.cs.put.poznan.pl\/psn\/\"},{\"@type\":\"ListItem\",\"position\":2,\"name\":\"PSN 2015\"}]}]}<\/script>\n<!-- \/ Yoast SEO plugin. -->","yoast_head_json":{"title":"PSN 2015 - Polish Scientific Network 2022","robots":{"index":"index","follow":"follow","max-snippet":"max-snippet:-1","max-image-preview":"max-image-preview:large","max-video-preview":"max-video-preview:-1"},"canonical":"https:\/\/psn.cs.put.poznan.pl\/psn\/psn-2015\/","og_locale":"en_US","og_type":"article","og_title":"PSN 2015 - Polish Scientific Network 2022","og_description":"Warszawa, 18-20 czerwca 2015 r. Konferencja Polish Scientific Networks zosta\u0142a zorganizowana przez Akademi\u0119 M\u0142odych Uczonych, Klub Stypendyst\u00f3w Fundacji na rzecz Nauki Polskiej oraz Ministerstwo Nauki i Szkolnictwa Wy\u017cszego. \u2013 Chcieliby\u015bmy, ...","og_url":"https:\/\/psn.cs.put.poznan.pl\/psn\/psn-2015\/","og_site_name":"Polish Scientific Network 2022","article_publisher":"https:\/\/www.facebook.com\/PolSciNet\/","og_image":[{"width":512,"height":512,"url":"https:\/\/psn.cs.put.poznan.pl\/psn\/wp-content\/uploads\/2021\/12\/psn_logo_512x512.png","type":"image\/png"}],"twitter_card":"summary_large_image","twitter_misc":{"Est. reading time":"2 minutes"},"schema":{"@context":"https:\/\/schema.org","@graph":[{"@type":"Organization","@id":"https:\/\/psn.cs.put.poznan.pl\/psn\/#organization","name":"Polish Scientific Networks","url":"https:\/\/psn.cs.put.poznan.pl\/psn\/","sameAs":["https:\/\/www.facebook.com\/PolSciNet\/"],"logo":{"@type":"ImageObject","@id":"https:\/\/psn.cs.put.poznan.pl\/psn\/#logo","inLanguage":"en-US","url":"https:\/\/psn.cs.put.poznan.pl\/psn\/wp-content\/uploads\/2021\/12\/psn_logo_cropped_512x512.png","contentUrl":"https:\/\/psn.cs.put.poznan.pl\/psn\/wp-content\/uploads\/2021\/12\/psn_logo_cropped_512x512.png","width":512,"height":512,"caption":"Polish Scientific Networks"},"image":{"@id":"https:\/\/psn.cs.put.poznan.pl\/psn\/#logo"}},{"@type":"WebSite","@id":"https:\/\/psn.cs.put.poznan.pl\/psn\/#website","url":"https:\/\/psn.cs.put.poznan.pl\/psn\/","name":"Polish Scientific Network 2022","description":"5th PSN - Climate Change: Science &amp; Society; June 3-5, 2022, University of Wroclaw, Wroclaw, Poland","publisher":{"@id":"https:\/\/psn.cs.put.poznan.pl\/psn\/#organization"},"potentialAction":[{"@type":"SearchAction","target":{"@type":"EntryPoint","urlTemplate":"https:\/\/psn.cs.put.poznan.pl\/psn\/?s={search_term_string}"},"query-input":"required name=search_term_string"}],"inLanguage":"en-US"},{"@type":"WebPage","@id":"https:\/\/psn.cs.put.poznan.pl\/psn\/psn-2015\/#webpage","url":"https:\/\/psn.cs.put.poznan.pl\/psn\/psn-2015\/","name":"PSN 2015 - Polish Scientific Network 2022","isPartOf":{"@id":"https:\/\/psn.cs.put.poznan.pl\/psn\/#website"},"datePublished":"2022-01-10T19:41:29+00:00","dateModified":"2022-01-10T19:41:29+00:00","breadcrumb":{"@id":"https:\/\/psn.cs.put.poznan.pl\/psn\/psn-2015\/#breadcrumb"},"inLanguage":"en-US","potentialAction":[{"@type":"ReadAction","target":["https:\/\/psn.cs.put.poznan.pl\/psn\/psn-2015\/"]}]},{"@type":"BreadcrumbList","@id":"https:\/\/psn.cs.put.poznan.pl\/psn\/psn-2015\/#breadcrumb","itemListElement":[{"@type":"ListItem","position":1,"name":"Home","item":"https:\/\/psn.cs.put.poznan.pl\/psn\/"},{"@type":"ListItem","position":2,"name":"PSN 2015"}]}]}},"_links":{"self":[{"href":"https:\/\/psn.cs.put.poznan.pl\/psn\/wp-json\/wp\/v2\/pages\/146"}],"collection":[{"href":"https:\/\/psn.cs.put.poznan.pl\/psn\/wp-json\/wp\/v2\/pages"}],"about":[{"href":"https:\/\/psn.cs.put.poznan.pl\/psn\/wp-json\/wp\/v2\/types\/page"}],"author":[{"embeddable":true,"href":"https:\/\/psn.cs.put.poznan.pl\/psn\/wp-json\/wp\/v2\/users\/1"}],"replies":[{"embeddable":true,"href":"https:\/\/psn.cs.put.poznan.pl\/psn\/wp-json\/wp\/v2\/comments?post=146"}],"version-history":[{"count":1,"href":"https:\/\/psn.cs.put.poznan.pl\/psn\/wp-json\/wp\/v2\/pages\/146\/revisions"}],"predecessor-version":[{"id":147,"href":"https:\/\/psn.cs.put.poznan.pl\/psn\/wp-json\/wp\/v2\/pages\/146\/revisions\/147"}],"wp:attachment":[{"href":"https:\/\/psn.cs.put.poznan.pl\/psn\/wp-json\/wp\/v2\/media?parent=146"}],"curies":[{"name":"wp","href":"https:\/\/api.w.org\/{rel}","templated":true}]}}