{"id":115,"date":"2022-01-05T16:51:10","date_gmt":"2022-01-05T15:51:10","guid":{"rendered":"https:\/\/psn.cs.put.poznan.pl\/psn\/?page_id=115"},"modified":"2022-01-11T00:48:33","modified_gmt":"2022-01-10T23:48:33","slug":"psn-2018","status":"publish","type":"page","link":"https:\/\/psn.cs.put.poznan.pl\/psn\/psn-2018\/","title":{"rendered":"PSN 2018"},"content":{"rendered":"<h2><i class=\"fa fa-podcast\"><\/i> Recordings from <b>PSN 2018<\/b>:<\/h2>\n<p>The PSN 2018 is now over but you can still watch the recordings from our conference. <a class=\"button\" href=\"https:\/\/www.youtube.com\/playlist?list=PLwdhKfnNJg1O0FlAXN2H7eGQ2z00b9Pho\" target=\"_blank\" rel=\"noopener\"><i class=\"fa fa-play\"><\/i> PLAY<\/a><\/p>\n<h2><i class=\"fa fa-info-circle\"><\/i> About <b>PSN 2018<\/b>:<\/h2>\n<p>The 3rd edition of the Polish Scientific Networks conference (Lodz, 21st-23rd June, 2018) is focused on biomedical research and its translation from bench to bedside. In order to bridge the ever growing gap between basic research and clinical medicine, we invite top researchers from both areas. The scientific sessions will intertwine lectures given by experimental researchers working in Poland and abroad with results presented by leading clinical researchers who implement the cutting edge techniques to treat their patients. By merging the two viewpoints we create an opportunity space to forge new or strengthen and consolidate ongoing collaborations. Furthermore, since most of 200 active participants will be junior researchers, the discussions throughout the conference will help them in choosing their own career path, as we will explore the current hot topics of basic and clinical medical research as well as options of combining the two. The conference will take place in the newly built Teaching Centre of the Medical University of Lodz (21-23rd June 2018). Invited lecturers are renowned scientists, both Polish and from abroad,. representing the top tier of medical research (neuroscience, biochemistry, oncology) and possessing experience and achievements in the commercialization of their research results. The opening lectures will be presented by the winner of the FNP Prize \u2013 Professor Piotr Trzonkowski and a pioneer in pancreatic islet transplantation \u2013 Professor Piotr Witkowski.<\/p>\n<div class=\"gdc_row\">\n<div class=\"gdc_column gdc_chalf\">\n<div class=\"gdc_inner\">\n<h2>Main info:<\/h2>\n<p><a href=\"https:\/\/psn.cs.put.poznan.pl\/psn\/psn-2018-resume\/\">Resume<\/a><\/p>\n<p><a href=\"https:\/\/psn.cs.put.poznan.pl\/psn\/psn-2018-organizers\/\">PSN organizers, partners and supporting institutions<\/a><\/p>\n<p><a href=\"https:\/\/psn.cs.put.poznan.pl\/psn\/psn-2018-programme\/\">Schedule<\/a><\/p>\n<p><a href=\"https:\/\/psn.cs.put.poznan.pl\/psn\/psn-2018-speakers\/\">Speakers<\/a><\/p>\n<p><a href=\"https:\/\/psn.cs.put.poznan.pl\/psn\/psn-2018-poster-session\/\">Poster session<\/a><\/p>\n<p><a href=\"https:\/\/psn.cs.put.poznan.pl\/psn\/wp-content\/uploads\/2022\/01\/psn2018-abstractbook-optimized-compressed.pdf\">Abstract book<\/a><\/p>\n<\/div>\n<\/div>\n<div class=\"gdc_column gdc_chalf\">\n<div class=\"gdc_inner\">\n<h2>Venue<\/h2>\n<p>VenueTeaching Centre of the Medical University of Lodz <i>(org. Centrum Dydaktyczne Uniwersytetu Medycznego w \u0141odzi)<\/i><\/p>\n<p>ul. Pomorska 251 A2-3, 92-213 \u0141\u00f3d\u017a, Polska<\/p>\n<h2>Contact<\/h2>\n<h5>Office of the President, Polish Academy of Sciences,<br \/>\npl. Defilad 1, 00-901 Warsaw, Poland<br \/>\ntel. 22-182 61 14, fax. 22-182 70 50, <a href=\"mailto:psn@pan.pl\">psn@pan.pl<\/a><\/h5>\n<\/div>\n<\/div>\n<\/div>\n<h2>Organizers<\/h2>\n<p>&nbsp;<\/p>\n<table>\n<tbody>\n<tr>\n<td>\n<h5>Organizing Committee<\/h5>\n<\/td>\n<td>\n<h5>Scientific Committee<\/h5>\n<\/td>\n<\/tr>\n<tr valign=\"top\">\n<td>\n<ul>\n<li>Anna Bielec \u2013 <em>chairman<\/em><\/li>\n<li>Magdalena Bem-Andrzejewska<\/li>\n<li>Anna Bro\u017cek<\/li>\n<li>Przemys\u0142aw Kucharski<\/li>\n<li>Joanna Milczarek<\/li>\n<li>Katarzyna Starowicz-Bubak<\/li>\n<li>Konrad Stawiski<\/li>\n<li>Bart\u0142omiej Tomasik<\/li>\n<li>El\u017cbieta Gasek-Swoboda<\/li>\n<li>Artur Wnorowski<\/li>\n<li>Zuzanna Nowicka<\/li>\n<li>Katarzyna Michalak<\/li>\n<\/ul>\n<\/td>\n<td>\n<ul>\n<li>Wojciech Fendler \u2013 <em>chairman<\/em><\/li>\n<li>Krzysztof J\u00f3\u017awiak \u2013 <em>chairman<\/em><\/li>\n<li>Anna Ajduk<\/li>\n<li>Janusz Bujnicki<\/li>\n<li>Marcin Dr\u0105g<\/li>\n<li>Jakub Fichna<\/li>\n<li>Krzysztof Giannopoulos<\/li>\n<li>Sergiusz J\u00f3\u017awiak<\/li>\n<li>Monika Kaczmarek<\/li>\n<li>Dominika Nowis<\/li>\n<li>Katarzyna Starowicz-Bubak<\/li>\n<li>Piotr Trzonkowski<\/li>\n<\/ul>\n<\/td>\n<\/tr>\n<\/tbody>\n<\/table>\n","protected":false},"excerpt":{"rendered":"<p>Recordings from PSN 2018: The PSN 2018 is now over but you can still watch the recordings from our conference. PLAY About PSN 2018: The 3rd edition of the Polish &#8230;<\/p>\n","protected":false},"author":1,"featured_media":0,"parent":0,"menu_order":0,"comment_status":"closed","ping_status":"closed","template":"","meta":[],"yoast_head":"<!-- This site is optimized with the Yoast SEO plugin v17.8 - https:\/\/yoast.com\/wordpress\/plugins\/seo\/ -->\n<title>PSN 2018 - Polish Scientific Network 2022<\/title>\n<meta name=\"robots\" content=\"index, follow, max-snippet:-1, max-image-preview:large, max-video-preview:-1\" \/>\n<link rel=\"canonical\" href=\"https:\/\/psn.cs.put.poznan.pl\/psn\/psn-2018\/\" \/>\n<meta property=\"og:locale\" content=\"en_US\" \/>\n<meta property=\"og:type\" content=\"article\" \/>\n<meta property=\"og:title\" content=\"PSN 2018 - Polish Scientific Network 2022\" \/>\n<meta property=\"og:description\" content=\"Recordings from PSN 2018: The PSN 2018 is now over but you can still watch the recordings from our conference. PLAY About PSN 2018: The 3rd edition of the Polish ...\" \/>\n<meta property=\"og:url\" content=\"https:\/\/psn.cs.put.poznan.pl\/psn\/psn-2018\/\" \/>\n<meta property=\"og:site_name\" content=\"Polish Scientific Network 2022\" \/>\n<meta property=\"article:publisher\" content=\"https:\/\/www.facebook.com\/PolSciNet\/\" \/>\n<meta property=\"article:modified_time\" content=\"2022-01-10T23:48:33+00:00\" \/>\n<meta property=\"og:image\" content=\"https:\/\/psn.cs.put.poznan.pl\/psn\/wp-content\/uploads\/2021\/12\/psn_logo_512x512.png\" \/>\n\t<meta property=\"og:image:width\" content=\"512\" \/>\n\t<meta property=\"og:image:height\" content=\"512\" \/>\n<meta name=\"twitter:card\" content=\"summary_large_image\" \/>\n<meta name=\"twitter:label1\" content=\"Est. reading time\" \/>\n\t<meta name=\"twitter:data1\" content=\"2 minutes\" \/>\n<script type=\"application\/ld+json\" class=\"yoast-schema-graph\">{\"@context\":\"https:\/\/schema.org\",\"@graph\":[{\"@type\":\"Organization\",\"@id\":\"https:\/\/psn.cs.put.poznan.pl\/psn\/#organization\",\"name\":\"Polish Scientific Networks\",\"url\":\"https:\/\/psn.cs.put.poznan.pl\/psn\/\",\"sameAs\":[\"https:\/\/www.facebook.com\/PolSciNet\/\"],\"logo\":{\"@type\":\"ImageObject\",\"@id\":\"https:\/\/psn.cs.put.poznan.pl\/psn\/#logo\",\"inLanguage\":\"en-US\",\"url\":\"https:\/\/psn.cs.put.poznan.pl\/psn\/wp-content\/uploads\/2021\/12\/psn_logo_cropped_512x512.png\",\"contentUrl\":\"https:\/\/psn.cs.put.poznan.pl\/psn\/wp-content\/uploads\/2021\/12\/psn_logo_cropped_512x512.png\",\"width\":512,\"height\":512,\"caption\":\"Polish Scientific Networks\"},\"image\":{\"@id\":\"https:\/\/psn.cs.put.poznan.pl\/psn\/#logo\"}},{\"@type\":\"WebSite\",\"@id\":\"https:\/\/psn.cs.put.poznan.pl\/psn\/#website\",\"url\":\"https:\/\/psn.cs.put.poznan.pl\/psn\/\",\"name\":\"Polish Scientific Network 2022\",\"description\":\"5th PSN - Climate Change: Science &amp; Society; June 3-5, 2022, University of Wroclaw, Wroclaw, Poland\",\"publisher\":{\"@id\":\"https:\/\/psn.cs.put.poznan.pl\/psn\/#organization\"},\"potentialAction\":[{\"@type\":\"SearchAction\",\"target\":{\"@type\":\"EntryPoint\",\"urlTemplate\":\"https:\/\/psn.cs.put.poznan.pl\/psn\/?s={search_term_string}\"},\"query-input\":\"required name=search_term_string\"}],\"inLanguage\":\"en-US\"},{\"@type\":\"WebPage\",\"@id\":\"https:\/\/psn.cs.put.poznan.pl\/psn\/psn-2018\/#webpage\",\"url\":\"https:\/\/psn.cs.put.poznan.pl\/psn\/psn-2018\/\",\"name\":\"PSN 2018 - Polish Scientific Network 2022\",\"isPartOf\":{\"@id\":\"https:\/\/psn.cs.put.poznan.pl\/psn\/#website\"},\"datePublished\":\"2022-01-05T15:51:10+00:00\",\"dateModified\":\"2022-01-10T23:48:33+00:00\",\"breadcrumb\":{\"@id\":\"https:\/\/psn.cs.put.poznan.pl\/psn\/psn-2018\/#breadcrumb\"},\"inLanguage\":\"en-US\",\"potentialAction\":[{\"@type\":\"ReadAction\",\"target\":[\"https:\/\/psn.cs.put.poznan.pl\/psn\/psn-2018\/\"]}]},{\"@type\":\"BreadcrumbList\",\"@id\":\"https:\/\/psn.cs.put.poznan.pl\/psn\/psn-2018\/#breadcrumb\",\"itemListElement\":[{\"@type\":\"ListItem\",\"position\":1,\"name\":\"Home\",\"item\":\"https:\/\/psn.cs.put.poznan.pl\/psn\/\"},{\"@type\":\"ListItem\",\"position\":2,\"name\":\"PSN 2018\"}]}]}<\/script>\n<!-- \/ Yoast SEO plugin. -->","yoast_head_json":{"title":"PSN 2018 - Polish Scientific Network 2022","robots":{"index":"index","follow":"follow","max-snippet":"max-snippet:-1","max-image-preview":"max-image-preview:large","max-video-preview":"max-video-preview:-1"},"canonical":"https:\/\/psn.cs.put.poznan.pl\/psn\/psn-2018\/","og_locale":"en_US","og_type":"article","og_title":"PSN 2018 - Polish Scientific Network 2022","og_description":"Recordings from PSN 2018: The PSN 2018 is now over but you can still watch the recordings from our conference. PLAY About PSN 2018: The 3rd edition of the Polish ...","og_url":"https:\/\/psn.cs.put.poznan.pl\/psn\/psn-2018\/","og_site_name":"Polish Scientific Network 2022","article_publisher":"https:\/\/www.facebook.com\/PolSciNet\/","article_modified_time":"2022-01-10T23:48:33+00:00","og_image":[{"width":512,"height":512,"url":"https:\/\/psn.cs.put.poznan.pl\/psn\/wp-content\/uploads\/2021\/12\/psn_logo_512x512.png","type":"image\/png"}],"twitter_card":"summary_large_image","twitter_misc":{"Est. reading time":"2 minutes"},"schema":{"@context":"https:\/\/schema.org","@graph":[{"@type":"Organization","@id":"https:\/\/psn.cs.put.poznan.pl\/psn\/#organization","name":"Polish Scientific Networks","url":"https:\/\/psn.cs.put.poznan.pl\/psn\/","sameAs":["https:\/\/www.facebook.com\/PolSciNet\/"],"logo":{"@type":"ImageObject","@id":"https:\/\/psn.cs.put.poznan.pl\/psn\/#logo","inLanguage":"en-US","url":"https:\/\/psn.cs.put.poznan.pl\/psn\/wp-content\/uploads\/2021\/12\/psn_logo_cropped_512x512.png","contentUrl":"https:\/\/psn.cs.put.poznan.pl\/psn\/wp-content\/uploads\/2021\/12\/psn_logo_cropped_512x512.png","width":512,"height":512,"caption":"Polish Scientific Networks"},"image":{"@id":"https:\/\/psn.cs.put.poznan.pl\/psn\/#logo"}},{"@type":"WebSite","@id":"https:\/\/psn.cs.put.poznan.pl\/psn\/#website","url":"https:\/\/psn.cs.put.poznan.pl\/psn\/","name":"Polish Scientific Network 2022","description":"5th PSN - Climate Change: Science &amp; Society; June 3-5, 2022, University of Wroclaw, Wroclaw, Poland","publisher":{"@id":"https:\/\/psn.cs.put.poznan.pl\/psn\/#organization"},"potentialAction":[{"@type":"SearchAction","target":{"@type":"EntryPoint","urlTemplate":"https:\/\/psn.cs.put.poznan.pl\/psn\/?s={search_term_string}"},"query-input":"required name=search_term_string"}],"inLanguage":"en-US"},{"@type":"WebPage","@id":"https:\/\/psn.cs.put.poznan.pl\/psn\/psn-2018\/#webpage","url":"https:\/\/psn.cs.put.poznan.pl\/psn\/psn-2018\/","name":"PSN 2018 - Polish Scientific Network 2022","isPartOf":{"@id":"https:\/\/psn.cs.put.poznan.pl\/psn\/#website"},"datePublished":"2022-01-05T15:51:10+00:00","dateModified":"2022-01-10T23:48:33+00:00","breadcrumb":{"@id":"https:\/\/psn.cs.put.poznan.pl\/psn\/psn-2018\/#breadcrumb"},"inLanguage":"en-US","potentialAction":[{"@type":"ReadAction","target":["https:\/\/psn.cs.put.poznan.pl\/psn\/psn-2018\/"]}]},{"@type":"BreadcrumbList","@id":"https:\/\/psn.cs.put.poznan.pl\/psn\/psn-2018\/#breadcrumb","itemListElement":[{"@type":"ListItem","position":1,"name":"Home","item":"https:\/\/psn.cs.put.poznan.pl\/psn\/"},{"@type":"ListItem","position":2,"name":"PSN 2018"}]}]}},"_links":{"self":[{"href":"https:\/\/psn.cs.put.poznan.pl\/psn\/wp-json\/wp\/v2\/pages\/115"}],"collection":[{"href":"https:\/\/psn.cs.put.poznan.pl\/psn\/wp-json\/wp\/v2\/pages"}],"about":[{"href":"https:\/\/psn.cs.put.poznan.pl\/psn\/wp-json\/wp\/v2\/types\/page"}],"author":[{"embeddable":true,"href":"https:\/\/psn.cs.put.poznan.pl\/psn\/wp-json\/wp\/v2\/users\/1"}],"replies":[{"embeddable":true,"href":"https:\/\/psn.cs.put.poznan.pl\/psn\/wp-json\/wp\/v2\/comments?post=115"}],"version-history":[{"count":4,"href":"https:\/\/psn.cs.put.poznan.pl\/psn\/wp-json\/wp\/v2\/pages\/115\/revisions"}],"predecessor-version":[{"id":338,"href":"https:\/\/psn.cs.put.poznan.pl\/psn\/wp-json\/wp\/v2\/pages\/115\/revisions\/338"}],"wp:attachment":[{"href":"https:\/\/psn.cs.put.poznan.pl\/psn\/wp-json\/wp\/v2\/media?parent=115"}],"curies":[{"name":"wp","href":"https:\/\/api.w.org\/{rel}","templated":true}]}}