{"id":106,"date":"2022-01-05T16:50:55","date_gmt":"2022-01-05T15:50:55","guid":{"rendered":"https:\/\/psn.cs.put.poznan.pl\/psn\/?page_id=106"},"modified":"2022-01-10T23:47:24","modified_gmt":"2022-01-10T22:47:24","slug":"psn-2019","status":"publish","type":"page","link":"https:\/\/psn.cs.put.poznan.pl\/psn\/psn-2019\/","title":{"rendered":"PSN 2019"},"content":{"rendered":"<h2>About <b>PSN 2019<\/b>:<\/h2>\n<p align=\"justify\">The 4th edition of the Polish Scientific Networks conference entitled Science&amp;Technology was devoted to modern technology and innovations in various aspects, ranging from social to natural sciences. The recent scientific achievements were presented by renowned scientists from Poland and other countries in six areas: energy, new materials, information technologies, health care, social media, and big scientific facilities. The aim of this conference was also to create a forum where researchers can exchange their experiences on innovative solutions and build a bridge between scientists from different areas, which will help to introduce interdisciplinary solutions in novel technologies. At the same time, discussion panels were held on current and important aspects of the implementation of novel applications, including the opportunities and threats that they bring with them.<br \/>\nThe conference took place on September 19-21, 2019 in the Conference Centre at the Poznan University of Technology, Poland. Keynote and invited lecturers were scientists representing the top level of research in various disciplines. The opening lectures was presented by Professor Robert J. Cava (Princeton University), who is an outstanding researcher in the field of solid-state chemistry and unquestionable expert in the synthesis of new inorganic materials.<\/p>\n<div class=\"gdc_row\">\n<div class=\"gdc_column gdc_chalf\">\n<div class=\"gdc_inner\">\n<h2>Main info:<\/h2>\n<p>Resume<\/p>\n<p><a href=\"https:\/\/psn.cs.put.poznan.pl\/psn\/psn-2019-organizers\">PSN organizers, partners and supporting institutions<\/a><\/p>\n<p><a href=\"https:\/\/psn.cs.put.poznan.pl\/psn\/psn-2019-programme.\">Schedule<\/a><\/p>\n<p><a href=\"https:\/\/psn.cs.put.poznan.pl\/psn\/psn-2019-speakers\/\">Speakers<\/a><\/p>\n<p><a href=\"https:\/\/psn.cs.put.poznan.pl\/psn\/psn-2019-sessions\/\">Sessions<\/a><\/p>\n<p><a href=\"http:\/\/www.powersourcesgroup.put.poznan.pl\/wp-content\/uploads\/pdf\/Polish%20Scientific%20Networks%202019.pdf\">Abstract book<\/a><\/p>\n<\/div>\n<\/div>\n<div class=\"gdc_column gdc_chalf\">\n<div class=\"gdc_inner\">\n<h2>Venue<\/h2>\n<p>Poznan University of Technology, Conference Centre and the Library (org. Centrum Wyk\u0142adowe i Biblioteka Techniczna Politechniki Pozna\u0144skiej)<\/p>\n<p>ul. Piotrowo 2, 61-138 Pozna\u0144, Poland<\/p>\n<h2>Contact<\/h2>\n<h5>Office of the President, Polish Academy of Sciences,<br \/>\npl. Defilad 1, 00-901 Warsaw, Poland<br \/>\ntel. 22-182 61 14, fax. 22-182 70 50, <a href=\"mailto:psn@pan.pl\">psn@pan.pl<\/a><\/h5>\n<\/div>\n<\/div>\n<\/div>\n<h2>Organizers<\/h2>\n<table>\n<tbody>\n<tr>\n<td>\n<h5>Organizing Committee<\/h5>\n<\/td>\n<td>\n<h5>Scientific Committee<\/h5>\n<\/td>\n<\/tr>\n<tr valign=\"top\">\n<td>\n<ul>\n<li>Krzysztof Fic \u2013 <em>chairman<\/em><\/li>\n<li>Anna Bielec \u2013 <em>chairman<\/em><\/li>\n<li>Paulina Bujewska<\/li>\n<li>El\u017cbieta Gasek-Swoboda<\/li>\n<li>Mateusz Kowacz<\/li>\n<li>Pawe\u0142 Le\u015bniak<\/li>\n<li>Anetta P\u0142atek<\/li>\n<li>Rafa\u0142 Staszek<\/li>\n<\/ul>\n<\/td>\n<td>\n<ul>\n<li>Tomasz Klimczuk \u2013 <em>chairman<\/em><\/li>\n<li>Piotr Ku\u015bwik \u2013 <em>chairman<\/em><\/li>\n<li>Krzysztof Fic<\/li>\n<li>Paulina Bujewska<\/li>\n<li>Anna Fabija\u0144ska<\/li>\n<li>Dominika Latusek<\/li>\n<li>Norbert Meyer<\/li>\n<li>Joanna Niedzi\u00f3\u0142ka-J\u00f6nsson<\/li>\n<li>Przemys\u0142aw Perlikowski<\/li>\n<li>Anetta P\u0142atek<\/li>\n<li>Adriana Zaleska-Medynska<\/li>\n<\/ul>\n<\/td>\n<\/tr>\n<\/tbody>\n<\/table>\n","protected":false},"excerpt":{"rendered":"<p>About PSN 2019: The 4th edition of the Polish Scientific Networks conference entitled Science&amp;Technology was devoted to modern technology and innovations in various aspects, ranging from social to natural sciences. &#8230;<\/p>\n","protected":false},"author":1,"featured_media":0,"parent":0,"menu_order":0,"comment_status":"closed","ping_status":"closed","template":"","meta":[],"yoast_head":"<!-- This site is optimized with the Yoast SEO plugin v17.8 - https:\/\/yoast.com\/wordpress\/plugins\/seo\/ -->\n<title>PSN 2019 - Polish Scientific Network 2022<\/title>\n<meta name=\"robots\" content=\"index, follow, max-snippet:-1, max-image-preview:large, max-video-preview:-1\" \/>\n<link rel=\"canonical\" href=\"https:\/\/psn.cs.put.poznan.pl\/psn\/psn-2019\/\" \/>\n<meta property=\"og:locale\" content=\"en_US\" \/>\n<meta property=\"og:type\" content=\"article\" \/>\n<meta property=\"og:title\" content=\"PSN 2019 - Polish Scientific Network 2022\" \/>\n<meta property=\"og:description\" content=\"About PSN 2019: The 4th edition of the Polish Scientific Networks conference entitled Science&amp;Technology was devoted to modern technology and innovations in various aspects, ranging from social to natural sciences. ...\" \/>\n<meta property=\"og:url\" content=\"https:\/\/psn.cs.put.poznan.pl\/psn\/psn-2019\/\" \/>\n<meta property=\"og:site_name\" content=\"Polish Scientific Network 2022\" \/>\n<meta property=\"article:publisher\" content=\"https:\/\/www.facebook.com\/PolSciNet\/\" \/>\n<meta property=\"article:modified_time\" content=\"2022-01-10T22:47:24+00:00\" \/>\n<meta property=\"og:image\" content=\"https:\/\/psn.cs.put.poznan.pl\/psn\/wp-content\/uploads\/2021\/12\/psn_logo_512x512.png\" \/>\n\t<meta property=\"og:image:width\" content=\"512\" \/>\n\t<meta property=\"og:image:height\" content=\"512\" \/>\n<meta name=\"twitter:card\" content=\"summary_large_image\" \/>\n<meta name=\"twitter:label1\" content=\"Est. reading time\" \/>\n\t<meta name=\"twitter:data1\" content=\"2 minutes\" \/>\n<script type=\"application\/ld+json\" class=\"yoast-schema-graph\">{\"@context\":\"https:\/\/schema.org\",\"@graph\":[{\"@type\":\"Organization\",\"@id\":\"https:\/\/psn.cs.put.poznan.pl\/psn\/#organization\",\"name\":\"Polish Scientific Networks\",\"url\":\"https:\/\/psn.cs.put.poznan.pl\/psn\/\",\"sameAs\":[\"https:\/\/www.facebook.com\/PolSciNet\/\"],\"logo\":{\"@type\":\"ImageObject\",\"@id\":\"https:\/\/psn.cs.put.poznan.pl\/psn\/#logo\",\"inLanguage\":\"en-US\",\"url\":\"https:\/\/psn.cs.put.poznan.pl\/psn\/wp-content\/uploads\/2021\/12\/psn_logo_cropped_512x512.png\",\"contentUrl\":\"https:\/\/psn.cs.put.poznan.pl\/psn\/wp-content\/uploads\/2021\/12\/psn_logo_cropped_512x512.png\",\"width\":512,\"height\":512,\"caption\":\"Polish Scientific Networks\"},\"image\":{\"@id\":\"https:\/\/psn.cs.put.poznan.pl\/psn\/#logo\"}},{\"@type\":\"WebSite\",\"@id\":\"https:\/\/psn.cs.put.poznan.pl\/psn\/#website\",\"url\":\"https:\/\/psn.cs.put.poznan.pl\/psn\/\",\"name\":\"Polish Scientific Network 2022\",\"description\":\"5th PSN - Climate Change: Science &amp; Society; June 3-5, 2022, University of Wroclaw, Wroclaw, Poland\",\"publisher\":{\"@id\":\"https:\/\/psn.cs.put.poznan.pl\/psn\/#organization\"},\"potentialAction\":[{\"@type\":\"SearchAction\",\"target\":{\"@type\":\"EntryPoint\",\"urlTemplate\":\"https:\/\/psn.cs.put.poznan.pl\/psn\/?s={search_term_string}\"},\"query-input\":\"required name=search_term_string\"}],\"inLanguage\":\"en-US\"},{\"@type\":\"WebPage\",\"@id\":\"https:\/\/psn.cs.put.poznan.pl\/psn\/psn-2019\/#webpage\",\"url\":\"https:\/\/psn.cs.put.poznan.pl\/psn\/psn-2019\/\",\"name\":\"PSN 2019 - Polish Scientific Network 2022\",\"isPartOf\":{\"@id\":\"https:\/\/psn.cs.put.poznan.pl\/psn\/#website\"},\"datePublished\":\"2022-01-05T15:50:55+00:00\",\"dateModified\":\"2022-01-10T22:47:24+00:00\",\"breadcrumb\":{\"@id\":\"https:\/\/psn.cs.put.poznan.pl\/psn\/psn-2019\/#breadcrumb\"},\"inLanguage\":\"en-US\",\"potentialAction\":[{\"@type\":\"ReadAction\",\"target\":[\"https:\/\/psn.cs.put.poznan.pl\/psn\/psn-2019\/\"]}]},{\"@type\":\"BreadcrumbList\",\"@id\":\"https:\/\/psn.cs.put.poznan.pl\/psn\/psn-2019\/#breadcrumb\",\"itemListElement\":[{\"@type\":\"ListItem\",\"position\":1,\"name\":\"Home\",\"item\":\"https:\/\/psn.cs.put.poznan.pl\/psn\/\"},{\"@type\":\"ListItem\",\"position\":2,\"name\":\"PSN 2019\"}]}]}<\/script>\n<!-- \/ Yoast SEO plugin. -->","yoast_head_json":{"title":"PSN 2019 - Polish Scientific Network 2022","robots":{"index":"index","follow":"follow","max-snippet":"max-snippet:-1","max-image-preview":"max-image-preview:large","max-video-preview":"max-video-preview:-1"},"canonical":"https:\/\/psn.cs.put.poznan.pl\/psn\/psn-2019\/","og_locale":"en_US","og_type":"article","og_title":"PSN 2019 - Polish Scientific Network 2022","og_description":"About PSN 2019: The 4th edition of the Polish Scientific Networks conference entitled Science&amp;Technology was devoted to modern technology and innovations in various aspects, ranging from social to natural sciences. ...","og_url":"https:\/\/psn.cs.put.poznan.pl\/psn\/psn-2019\/","og_site_name":"Polish Scientific Network 2022","article_publisher":"https:\/\/www.facebook.com\/PolSciNet\/","article_modified_time":"2022-01-10T22:47:24+00:00","og_image":[{"width":512,"height":512,"url":"https:\/\/psn.cs.put.poznan.pl\/psn\/wp-content\/uploads\/2021\/12\/psn_logo_512x512.png","type":"image\/png"}],"twitter_card":"summary_large_image","twitter_misc":{"Est. reading time":"2 minutes"},"schema":{"@context":"https:\/\/schema.org","@graph":[{"@type":"Organization","@id":"https:\/\/psn.cs.put.poznan.pl\/psn\/#organization","name":"Polish Scientific Networks","url":"https:\/\/psn.cs.put.poznan.pl\/psn\/","sameAs":["https:\/\/www.facebook.com\/PolSciNet\/"],"logo":{"@type":"ImageObject","@id":"https:\/\/psn.cs.put.poznan.pl\/psn\/#logo","inLanguage":"en-US","url":"https:\/\/psn.cs.put.poznan.pl\/psn\/wp-content\/uploads\/2021\/12\/psn_logo_cropped_512x512.png","contentUrl":"https:\/\/psn.cs.put.poznan.pl\/psn\/wp-content\/uploads\/2021\/12\/psn_logo_cropped_512x512.png","width":512,"height":512,"caption":"Polish Scientific Networks"},"image":{"@id":"https:\/\/psn.cs.put.poznan.pl\/psn\/#logo"}},{"@type":"WebSite","@id":"https:\/\/psn.cs.put.poznan.pl\/psn\/#website","url":"https:\/\/psn.cs.put.poznan.pl\/psn\/","name":"Polish Scientific Network 2022","description":"5th PSN - Climate Change: Science &amp; Society; June 3-5, 2022, University of Wroclaw, Wroclaw, Poland","publisher":{"@id":"https:\/\/psn.cs.put.poznan.pl\/psn\/#organization"},"potentialAction":[{"@type":"SearchAction","target":{"@type":"EntryPoint","urlTemplate":"https:\/\/psn.cs.put.poznan.pl\/psn\/?s={search_term_string}"},"query-input":"required name=search_term_string"}],"inLanguage":"en-US"},{"@type":"WebPage","@id":"https:\/\/psn.cs.put.poznan.pl\/psn\/psn-2019\/#webpage","url":"https:\/\/psn.cs.put.poznan.pl\/psn\/psn-2019\/","name":"PSN 2019 - Polish Scientific Network 2022","isPartOf":{"@id":"https:\/\/psn.cs.put.poznan.pl\/psn\/#website"},"datePublished":"2022-01-05T15:50:55+00:00","dateModified":"2022-01-10T22:47:24+00:00","breadcrumb":{"@id":"https:\/\/psn.cs.put.poznan.pl\/psn\/psn-2019\/#breadcrumb"},"inLanguage":"en-US","potentialAction":[{"@type":"ReadAction","target":["https:\/\/psn.cs.put.poznan.pl\/psn\/psn-2019\/"]}]},{"@type":"BreadcrumbList","@id":"https:\/\/psn.cs.put.poznan.pl\/psn\/psn-2019\/#breadcrumb","itemListElement":[{"@type":"ListItem","position":1,"name":"Home","item":"https:\/\/psn.cs.put.poznan.pl\/psn\/"},{"@type":"ListItem","position":2,"name":"PSN 2019"}]}]}},"_links":{"self":[{"href":"https:\/\/psn.cs.put.poznan.pl\/psn\/wp-json\/wp\/v2\/pages\/106"}],"collection":[{"href":"https:\/\/psn.cs.put.poznan.pl\/psn\/wp-json\/wp\/v2\/pages"}],"about":[{"href":"https:\/\/psn.cs.put.poznan.pl\/psn\/wp-json\/wp\/v2\/types\/page"}],"author":[{"embeddable":true,"href":"https:\/\/psn.cs.put.poznan.pl\/psn\/wp-json\/wp\/v2\/users\/1"}],"replies":[{"embeddable":true,"href":"https:\/\/psn.cs.put.poznan.pl\/psn\/wp-json\/wp\/v2\/comments?post=106"}],"version-history":[{"count":8,"href":"https:\/\/psn.cs.put.poznan.pl\/psn\/wp-json\/wp\/v2\/pages\/106\/revisions"}],"predecessor-version":[{"id":322,"href":"https:\/\/psn.cs.put.poznan.pl\/psn\/wp-json\/wp\/v2\/pages\/106\/revisions\/322"}],"wp:attachment":[{"href":"https:\/\/psn.cs.put.poznan.pl\/psn\/wp-json\/wp\/v2\/media?parent=106"}],"curies":[{"name":"wp","href":"https:\/\/api.w.org\/{rel}","templated":true}]}}